{"id":85,"date":"2017-12-10T13:48:48","date_gmt":"2017-12-10T13:48:48","guid":{"rendered":"http:\/\/zahnarztbergedorf.de\/?page_id=85"},"modified":"2023-07-04T14:51:18","modified_gmt":"2023-07-04T14:51:18","slug":"impressum","status":"publish","type":"page","link":"https:\/\/zahnarztbergedorf.de\/index.php\/impressum\/","title":{"rendered":"Impressum"},"content":{"rendered":"<p><strong>Impressum \/ Kontakt<\/strong><\/p>\n<p><strong>Zahnarztpraxis in Hamburg Bergedorf<\/strong><\/p>\n<p>Dr. B. Schultze &#8211; Zahnarzt<br \/>\nDr. N. Pfeffer &#8211; Zahnarzt<br \/>\nDr. H. Pfeffer &#8211; Zahnarzt<br \/>\nDr. M. Kotthaus &#8211; Zahnarzt<\/p>\n<p>Weidenbaumsweg 6<br \/>\n21029 Hamburg \u2013 Bergedorf<\/p>\n<p>Tel.: 040 724 28 09<\/p>\n<p><strong>Falls Sie uns nicht \u00fcber das Festnetz erreichen, k\u00f6nnen Sie uns<br \/>\nunter 0176 &#8211; 69410885 per SMS oder WhatsApp erreichen.<\/strong><\/p>\n<p>e mail <a href=\"mailto:info@zahnarztbergedorf.de\">info@zahnarztbergedorf.de<\/a><\/p>\n<p>Allen Zahn\u00e4rzten sind die Berufsbezeichnungen Zahnarzt in Deutschland verliehen worden.<\/p>\n<p>Inhaltlich Verantwortlicher gem. \u00a7 10 III MDStV:<br \/>\nDr. Bj\u00f6rn Schultze, Weidenbaumsweg 6, 21029 Hamburg<\/p>\n<p>Haftungshinweis: Trotz sorgf\u00e4ltiger inhaltlicher Kontrolle \u00fcbernehmen wir keine Haftung f\u00fcr die Inhalte externer Links. F\u00fcr den Inhalt der verlinkten Seiten sind ausschlie\u00dflich deren Betreiber verantwortlich.<\/p>\n<div id=\"wpgmza_map\" class=\"wpgmza_map\" data-settings='{\"id\":\"1\",\"map_title\":\"Zahn\\u00e4rzte Bergedorf\",\"map_width\":\"100\",\"map_height\":\"400\",\"map_start_lat\":\"53.489547\",\"map_start_lng\":\"10.207560\",\"map_start_location\":\"53.48954744037504,10.207559634000063\",\"map_start_zoom\":\"17\",\"default_marker\":\"0\",\"type\":\"1\",\"alignment\":\"2\",\"directions_enabled\":\"1\",\"styling_enabled\":\"0\",\"styling_json\":\"\",\"active\":\"0\",\"kml\":\"\",\"bicycle\":\"0\",\"traffic\":\"0\",\"dbox\":\"1\",\"dbox_width\":\"100\",\"listmarkers\":\"0\",\"listmarkers_advanced\":\"0\",\"filterbycat\":\"0\",\"ugm_enabled\":\"0\",\"ugm_category_enabled\":\"0\",\"fusion\":\"\",\"map_width_type\":\"\\\\%\",\"map_height_type\":\"px\",\"mass_marker_support\":\"1\",\"ugm_access\":\"0\",\"order_markers_by\":\"1\",\"order_markers_choice\":\"2\",\"show_user_location\":\"0\",\"default_to\":\"\",\"other_settings\":{\"store_locator_enabled\":2,\"store_locator_distance\":2,\"store_locator_default_radius\":\"10\",\"store_locator_not_found_message\":\"No results found in this location. Please try again.\",\"store_locator_bounce\":1,\"store_locator_query_string\":\"PLZ \\\/ Adresse:\",\"store_locator_default_address\":\"\",\"wpgmza_store_locator_restrict\":\"\",\"map_max_zoom\":\"1\",\"transport_layer\":0,\"wpgmza_theme_data\":\"[ \\\\\\\"visibility\\\\\\\", \\\\\\\"invert_lightness\\\\\\\", \\\\\\\"color\\\\\\\", \\\\\\\"weight\\\\\\\", \\\\\\\"hue\\\\\\\", \\\\\\\"saturation\\\\\\\", \\\\\\\"lightness\\\\\\\", \\\\\\\"gamma\\\\\\\"]\",\"wpgmza_theme_selection\":0,\"wpgmza_show_points_of_interest\":1,\"bicycle\":\"0\",\"traffic\":\"0\"}}' data-map-id='1' Data-maps-engine='' data-shortcode-attributes='{\"id\":\"1\"}' style=\"display:block; overflow:auto; width:100%; height:400px; float:left;\"><\/div>\n<p>Zust\u00e4ndige Kammer \/ Aufsichtsbeh\u00f6rde:<br \/>\nZahn\u00e4rztekammer Hamburg<br \/>\nM\u00f6llner Landstra\u00dfe 31<br \/>\n22111 Hamburg<br \/>\nTelefon: +49 40 733 40 50<br \/>\nInternet: www.zaek-hh.de<\/p>\n<p>Berufsbezeichnung: Zahnarzt (verliehen in der Bundesrepublik Deutschland)<\/p>\n<p>Informationen nach dem Teledienstgesetz zu den folgenden berufsrechtlichen Regelungen und gesetzlichen Bestimmungen finden Sie auf dieser Seite der Zahn\u00e4rztekammer Hamburg:<\/p>\n<p>Berufsordnung der Zahn\u00e4rztekammer Hamburg<br \/>\nHamburgisches Kammergesetz f\u00fcr die Heilberufe<br \/>\nZahnheilkundegesetz<br \/>\nGeb\u00fchrenordnung (GOZ)<br \/>\nInhaltlich Verantwortlicher gem\u00e4\u00df \u00a7 10 Absatz 3 MDStV: Dr. med. dent. Pfeffer(Anschrift wie oben)<\/p>\n<p><strong>Haftungshinweis<\/strong><br \/>\nTrotz sorgf\u00e4ltiger inhaltlicher Kontrolle \u00fcbernehmen wir keine Haftung f\u00fcr die Inhalte externer Links. F\u00fcr den Inhalt der verlinkten Seiten sind ausschlie\u00dflich deren Betreiber verantwortlich.<\/p>\n","protected":false},"excerpt":{"rendered":"<p>Impressum \/ Kontakt Zahnarztpraxis in Hamburg Bergedorf Dr. B. Schultze &#8211; Zahnarzt Dr. N. Pfeffer &#8211; Zahnarzt Dr. H. Pfeffer &#8211; Zahnarzt Dr. M. Kotthaus &#8211; Zahnarzt Weidenbaumsweg 6 21029 Hamburg \u2013 Bergedorf Tel.: 040 724 28 09 Falls Sie uns nicht \u00fcber das Festnetz erreichen, k\u00f6nnen Sie uns unter &hellip;<\/p>\n","protected":false},"author":1,"featured_media":229,"parent":0,"menu_order":0,"comment_status":"closed","ping_status":"closed","template":"","meta":{"footnotes":""},"class_list":["post-85","page","type-page","status-publish","has-post-thumbnail","hentry"],"_links":{"self":[{"href":"https:\/\/zahnarztbergedorf.de\/index.php\/wp-json\/wp\/v2\/pages\/85"}],"collection":[{"href":"https:\/\/zahnarztbergedorf.de\/index.php\/wp-json\/wp\/v2\/pages"}],"about":[{"href":"https:\/\/zahnarztbergedorf.de\/index.php\/wp-json\/wp\/v2\/types\/page"}],"author":[{"embeddable":true,"href":"https:\/\/zahnarztbergedorf.de\/index.php\/wp-json\/wp\/v2\/users\/1"}],"replies":[{"embeddable":true,"href":"https:\/\/zahnarztbergedorf.de\/index.php\/wp-json\/wp\/v2\/comments?post=85"}],"version-history":[{"count":9,"href":"https:\/\/zahnarztbergedorf.de\/index.php\/wp-json\/wp\/v2\/pages\/85\/revisions"}],"predecessor-version":[{"id":296,"href":"https:\/\/zahnarztbergedorf.de\/index.php\/wp-json\/wp\/v2\/pages\/85\/revisions\/296"}],"wp:featuredmedia":[{"embeddable":true,"href":"https:\/\/zahnarztbergedorf.de\/index.php\/wp-json\/wp\/v2\/media\/229"}],"wp:attachment":[{"href":"https:\/\/zahnarztbergedorf.de\/index.php\/wp-json\/wp\/v2\/media?parent=85"}],"curies":[{"name":"wp","href":"https:\/\/api.w.org\/{rel}","templated":true}]}}