{"id":76,"date":"2017-12-10T13:41:44","date_gmt":"2017-12-10T13:41:44","guid":{"rendered":"http:\/\/zahnarztbergedorf.de\/?page_id=76"},"modified":"2017-12-11T11:00:20","modified_gmt":"2017-12-11T11:00:20","slug":"bleaching","status":"publish","type":"page","link":"https:\/\/zahnarztbergedorf.de\/index.php\/bleaching\/","title":{"rendered":"Bleaching"},"content":{"rendered":"<p><strong>Bleaching &#8211; Bergedorf<\/strong><br \/>\n<strong> Warum wei\u00dfe Z\u00e4hne so wichtig sind<\/strong><br \/>\nEin strahlend wei\u00dfes L\u00e4cheln \u2013 wer von uns w\u00fcnscht sich das nicht? L\u00e4ngst sind wei\u00dfe Z\u00e4hne genauso zu einer Visitenkarte geworden wie gepflegte Fingern\u00e4gel oder geschmackvolle Kleidung. Wei\u00dfe Z\u00e4hne stehen f\u00fcr Gesundheit, Vitalit\u00e4t und Erfolg und tragen ma\u00dfgeblich zu einer positiven Ausstrahlung bei. Eine positive Ausstrahlung wiederum wirkt sympathisch und attraktiv auf Ihre Mitmenschen \u2013 sowohl im privaten als auch im beruflichen Umfeld.<\/p>\n<p><strong>Wie l\u00e4uft die Behandlung genau ab?<\/strong><\/p>\n<p>Zu Beginn der Behandlung werden Ihre Z\u00e4hne zun\u00e4chst kontrolliert und dann gr\u00fcndlich mit Hilfe einer Polierpaste gereinigt, um Verunreinigungen von der Zahnoberfl\u00e4che zu entfernen. Dadurch wird ein optimales Behandlungsergebnis gew\u00e4hrleistet. Anschlie\u00dfend wird Ihre Ausgangszahnfarbe anhand einer umfassenden Farbpalette genau bestimmt, um den Behandlungserfolg kontrollieren zu k\u00f6nnen. Danach wird ein Wangenexpander eingesetzt, um so die Z\u00e4hne f\u00fcr die Behandlung freizulegen. Die Lippen werden mit einer Fettcreme versehen und zum Schutz des Zahnfleisches wird eine Silikonmasse direkt am Zahnrand aufgetragen. So sind alle Partien, die nicht mit dem Bleichmittel in Ber\u00fchrung kommen sollen, perfekt gesch\u00fctzt.<\/p>\n<p>Dann beginnt die eigentliche Behandlung. Unser zahnmedizinisches Fachpersonal tr\u00e4gt das Bleichgel mit Hilfe eines Pinsels in einer d\u00fcnnen Schicht auf die Z\u00e4hne auf.<br \/>\nMit Hilfe einer Xenonlampe, die direkt auf Ihre Z\u00e4hne gerichtet ist, wird der Bleichvorgang beschleunigt. Auf Wunsch bekommen Sie f\u00fcr die Dauer der Behandlung eine spezielle Schutzbrille, falls das Licht Sie blenden sollte. Nach f\u00fcnf Minuten wird das Bleichgel abgesaugt und durch frisches ersetzt. Dieser Vorgang wird nun \u2013 abh\u00e4ngig von der Verf\u00e4rbungen und vom Grad der gew\u00fcnscht Aufhellung \u2013 bis zu sechs Mal wiederholt, wobei die ersten Erfolge schon nach dem ersten Durchgang deutlich erkennbar sind.<\/p>\n<p>Zum Schluss wird das Bleichgel gr\u00fcndlich abgesp\u00fclt, Zahnfleischschutz und Wangenexpander werden entfernt. Abschlie\u00dfend werden die Z\u00e4hne poliert und mit einem Tiefenfluorid versiegelt.. Nach nur einer Stunde k\u00f6nnen Sie in den Spiegel sehen und Ihre aufgehellten Z\u00e4hne bestaunen. Vergleichen Sie Ihre Ausgangszahnfarbe mit Ihren &#8222;neuen&#8220;, strahlend wei\u00dfen Z\u00e4hnen.<\/p>\n","protected":false},"excerpt":{"rendered":"<p>Bleaching &#8211; Bergedorf Warum wei\u00dfe Z\u00e4hne so wichtig sind Ein strahlend wei\u00dfes L\u00e4cheln \u2013 wer von uns w\u00fcnscht sich das nicht? L\u00e4ngst sind wei\u00dfe Z\u00e4hne genauso zu einer Visitenkarte geworden wie gepflegte Fingern\u00e4gel oder geschmackvolle Kleidung. Wei\u00dfe Z\u00e4hne stehen f\u00fcr Gesundheit, Vitalit\u00e4t und Erfolg und tragen ma\u00dfgeblich zu einer positiven &hellip;<\/p>\n","protected":false},"author":1,"featured_media":112,"parent":0,"menu_order":0,"comment_status":"closed","ping_status":"closed","template":"","meta":{"footnotes":""},"class_list":["post-76","page","type-page","status-publish","has-post-thumbnail","hentry"],"_links":{"self":[{"href":"https:\/\/zahnarztbergedorf.de\/index.php\/wp-json\/wp\/v2\/pages\/76"}],"collection":[{"href":"https:\/\/zahnarztbergedorf.de\/index.php\/wp-json\/wp\/v2\/pages"}],"about":[{"href":"https:\/\/zahnarztbergedorf.de\/index.php\/wp-json\/wp\/v2\/types\/page"}],"author":[{"embeddable":true,"href":"https:\/\/zahnarztbergedorf.de\/index.php\/wp-json\/wp\/v2\/users\/1"}],"replies":[{"embeddable":true,"href":"https:\/\/zahnarztbergedorf.de\/index.php\/wp-json\/wp\/v2\/comments?post=76"}],"version-history":[{"count":3,"href":"https:\/\/zahnarztbergedorf.de\/index.php\/wp-json\/wp\/v2\/pages\/76\/revisions"}],"predecessor-version":[{"id":79,"href":"https:\/\/zahnarztbergedorf.de\/index.php\/wp-json\/wp\/v2\/pages\/76\/revisions\/79"}],"wp:featuredmedia":[{"embeddable":true,"href":"https:\/\/zahnarztbergedorf.de\/index.php\/wp-json\/wp\/v2\/media\/112"}],"wp:attachment":[{"href":"https:\/\/zahnarztbergedorf.de\/index.php\/wp-json\/wp\/v2\/media?parent=76"}],"curies":[{"name":"wp","href":"https:\/\/api.w.org\/{rel}","templated":true}]}}