{"id":74,"date":"2017-12-10T13:41:35","date_gmt":"2017-12-10T13:41:35","guid":{"rendered":"http:\/\/zahnarztbergedorf.de\/?page_id=74"},"modified":"2017-12-13T17:41:50","modified_gmt":"2017-12-13T17:41:50","slug":"prophylaxe","status":"publish","type":"page","link":"https:\/\/zahnarztbergedorf.de\/index.php\/prophylaxe\/","title":{"rendered":"Prophylaxe"},"content":{"rendered":"<p><strong>Professionelle Zahnreinigung &#8211; Hamburg<\/strong><\/p>\n<p>Die Etappen einer professionellen Zahnreinigung:<\/p>\n<ul>\n<li>Kontrolle und Beratung zur Optimierung der Mundhygiene<\/li>\n<li>Messung der Zahnfleischtaschen (Taschenscreening) zur Fr\u00fcherkennung von Parodontitis<\/li>\n<li>Vollst\u00e4ndige Entfernung aller harten und weichen Ablagerungen auf erreichbaren Zahn- und Wurzeloberfl\u00e4chen (Airflow, Ultraschall, Scaling, K\u00fcrettage)<\/li>\n<li>Politur von Z\u00e4hnen und erreichbaren Wurzeloberfl\u00e4chen mit Polierinstrumenten und Pasten (Polishing)<\/li>\n<li>Versiegelung von freiliegenden Zahnh\u00e4lsen und empfindlichen Stellen<\/li>\n<li>Fluoridierung<\/li>\n<li>Falls notwendig, vor allem im Rahmen der Parodontalbehandlung, kann mit Hilfe von Speichel- und DNS-Tests das genaue Bakterienspektrum bestimmt werden.<\/li>\n<\/ul>\n","protected":false},"excerpt":{"rendered":"<p>Professionelle Zahnreinigung &#8211; Hamburg Die Etappen einer professionellen Zahnreinigung: Kontrolle und Beratung zur Optimierung der Mundhygiene Messung der Zahnfleischtaschen (Taschenscreening) zur Fr\u00fcherkennung von Parodontitis Vollst\u00e4ndige Entfernung aller harten und weichen Ablagerungen auf erreichbaren Zahn- und Wurzeloberfl\u00e4chen (Airflow, Ultraschall, Scaling, K\u00fcrettage) Politur von Z\u00e4hnen und erreichbaren Wurzeloberfl\u00e4chen mit Polierinstrumenten und Pasten &hellip;<\/p>\n","protected":false},"author":1,"featured_media":229,"parent":0,"menu_order":0,"comment_status":"closed","ping_status":"closed","template":"","meta":{"footnotes":""},"class_list":["post-74","page","type-page","status-publish","has-post-thumbnail","hentry"],"_links":{"self":[{"href":"https:\/\/zahnarztbergedorf.de\/index.php\/wp-json\/wp\/v2\/pages\/74"}],"collection":[{"href":"https:\/\/zahnarztbergedorf.de\/index.php\/wp-json\/wp\/v2\/pages"}],"about":[{"href":"https:\/\/zahnarztbergedorf.de\/index.php\/wp-json\/wp\/v2\/types\/page"}],"author":[{"embeddable":true,"href":"https:\/\/zahnarztbergedorf.de\/index.php\/wp-json\/wp\/v2\/users\/1"}],"replies":[{"embeddable":true,"href":"https:\/\/zahnarztbergedorf.de\/index.php\/wp-json\/wp\/v2\/comments?post=74"}],"version-history":[{"count":3,"href":"https:\/\/zahnarztbergedorf.de\/index.php\/wp-json\/wp\/v2\/pages\/74\/revisions"}],"predecessor-version":[{"id":253,"href":"https:\/\/zahnarztbergedorf.de\/index.php\/wp-json\/wp\/v2\/pages\/74\/revisions\/253"}],"wp:featuredmedia":[{"embeddable":true,"href":"https:\/\/zahnarztbergedorf.de\/index.php\/wp-json\/wp\/v2\/media\/229"}],"wp:attachment":[{"href":"https:\/\/zahnarztbergedorf.de\/index.php\/wp-json\/wp\/v2\/media?parent=74"}],"curies":[{"name":"wp","href":"https:\/\/api.w.org\/{rel}","templated":true}]}}