{"id":72,"date":"2017-12-10T13:41:21","date_gmt":"2017-12-10T13:41:21","guid":{"rendered":"http:\/\/zahnarztbergedorf.de\/?page_id=72"},"modified":"2017-12-12T17:59:21","modified_gmt":"2017-12-12T17:59:21","slug":"endodontie","status":"publish","type":"page","link":"https:\/\/zahnarztbergedorf.de\/index.php\/endodontie\/","title":{"rendered":"Endodontie"},"content":{"rendered":"<p><strong>Wurzelbehandlung, Wurzelkanalbehandlung in Bergedorf<\/strong><br \/>\n<strong>Mit einer Wurzelkanabehandlung kann der Zahn erhalten werden.<\/strong><\/p>\n<p>Die Wurzel ist der Bereich des Zahnes, der ihn mit dem Ober- bzw. Unterkiefer verankert. Im Inneren befindet sich der Wurzelkanal. Darin treten Blutgef\u00e4\u00dfe und Nerven ein, die die Zahnsubstanz mit N\u00e4hrstoffen versorgen und schmerzempfindlich machen.<\/p>\n<p><strong>Ursachen einer Wurzelentz\u00fcndung<\/strong><\/p>\n<p>Die h\u00e4ufigste Ursache einer Wurzelentz\u00fcndung sind durch Kariesbakterien gesch\u00e4digte Z\u00e4hne. Wird Karies nicht rechtzeitig behandelt, dringen die Bakterien bis in die Pulpa &#8211; das weiche Innere des Zahnes &#8211; vor. Dort befallen sie den Nerv und man versp\u00fcrt einhergehend meist einen unaufh\u00f6rlichen, pulsartigen Schmerz. L\u00e4sst dieser nach einiger Zeit nach, ist der Nerv wahrscheinlich dauerhaft gesch\u00e4digt. Die Bakterien breiten sich aus und greifen die Zahnwurzel an. Die Entz\u00fcndung wird chronisch und kann sich, weiterhin unbehandelt, letztlich \u00fcber die Wurzelkan\u00e4le bis in den Kieferknochen hin dramatisch ausweiten.<\/p>\n<p>Deutlich seltener sind Wachstumsst\u00f6rungen und Unf\u00e4lle die Ursache f\u00fcr eine Wurzelentz\u00fcndung. Ein Schlag auf den Kieferknochen oder eine Ersch\u00fctterung kann ein Absterben des Zahnnervs verursachen oder diesen durch Bruch des Zahnschmelzes freilegen. Auch das unregelm\u00e4\u00dfige Wachstum eines Weisheitszahnes kann zu Reizungen der Wurzel des Nachbarzahnes f\u00fchren.<\/p>\n<p><strong>Ziel einer Wurzelkanalbehandlung<\/strong><\/p>\n<p>Ist der Verdacht auf eine Entz\u00fcndung der Zahnwurzel best\u00e4tigt, wird versucht den Zahn zu erhalten. Fr\u00fcher wurden stark gesch\u00e4digte Z\u00e4hne gezogen. Dies m\u00f6chte man heutzutage durch die Behandlung des Wurzelkanals umgehen.<\/p>\n<p>Die Wurzelkanalbehandlung<\/p>\n<p>Unser Zahnarzt stellt durch verschiedene Methoden fest, ob der Zahn noch lebt, entz\u00fcndet oder bereits abgestorben ist. Abgestorbene Z\u00e4hne reagieren nicht mehr auf Temperaturen und so l\u00f6st der K\u00e4ltetest, auch Vitalit\u00e4tstest genannt, keinen Schmerz aus. Bei stark entz\u00fcndeten Nerven hingegen entsteht ein kurzer, spitzer Schmerz. Ein R\u00f6ntgenbild best\u00e4tigt schlie\u00dflich den Verdacht einer Wurzelentz\u00fcndung. Im Bild zeigt sich dann im Bereich der Zahnwurzel ein dunkler Schatten.<\/p>\n<p>Beim abgestorbenen Zahn, aber auch bei Z\u00e4hnen mit dauerhaft gesch\u00e4digtem Nerv, wird nun dem Patienten die Durchf\u00fchrung einer Wurzelkanalbehandlung empfohlen.<\/p>\n<p>Nach einer lokalen Bet\u00e4ubung wird das Zahninnere er\u00f6ffnet. Um die Kontamination der Pulpa durch den Mundraum zu vermeiden, wird einerseits der Zahn mit Kofferdam Gummi von Nachbarz\u00e4hnen isoliert und andererseits die Gr\u00f6\u00dfe der Er\u00f6ffnung nur so weit gehalten, wie sie f\u00fcr den Arbeitsablauf von N\u00f6ten ist.<\/p>\n<p><strong>Durch das R\u00f6ntgenbild kann der Zahnarzt die L\u00e4nge des Kanals absch\u00e4tzen.<\/strong><\/p>\n<p>Anschlie\u00dfend wird der Wurzelkanal aufbereitet, d.h. durch spezielle Feilen erweitert und gereinigt. Dabei werden der Nerv und die Bakterien entfernt. Durch Sp\u00fclungen mit diversen L\u00f6sungen, werden restliche Mikroorganismen bek\u00e4mpft und weitere Verunreinigungen entfernt. Anschlie\u00dfend werden die entstandenen Hohlr\u00e4ume mit Guttapercha, einem eingedickten Milchsaft tropischer B\u00e4ume, und Dichtzement gef\u00fcllt. Die gesamte Behandlung l\u00e4sst sich jedoch nicht immer innerhalb einer Sitzung bei uns durchf\u00fchren. Nicht selten wird die Behandlung durch Ver\u00e4stelungen der Wurzelkan\u00e4le erschwert. Ist dies der Fall, wird der Zahn, bevor er provisorisch geschlossen wird, gereinigt und desinfiziert. Um den Heilprozess zu unterst\u00fctzen, wird der Wurzelkanal mit in Medikamenten getr\u00e4nkten, sterilen Wattest\u00e4bchen gef\u00fcllt. Diese werden beim Fortfahren der Behandlung wieder entfernt.<\/p>\n<p>Da der abgestorbene Zahn nicht mehr mit N\u00e4hrstoffen versorgt wird, wird er mit der Zeit spr\u00f6de und br\u00fcchig. Zudem kommt es zu unsch\u00f6nen Nachdunkelungen. Er sollte nach einer Wurzelkanalbehandlung mit einem Inlay oder einer Krone versorgt werden. Diese sorgen f\u00fcr Stabilit\u00e4t und machen eventuelle Verf\u00e4rbungen unsichtbar.<\/p>\n<p>Welche Komplikationen k\u00f6nnen bei einer Wurzelkanalbehandlung vorkommen?<br \/>\nKomplikationen treten selten auf. Sie k\u00f6nnen aber verursacht werden durch:<\/p>\n<ul>\n<li>kaum bis gar nicht zug\u00e4ngliche Wurzelkanalabschnitte<\/li>\n<li>resistente Mikroorganismen<\/li>\n<li>Fortlaufen der chronischen Entz\u00fcndung<\/li>\n<li>Abbrechen eines Instrumentes<\/li>\n<li>Perforation der Zahnsubstanz<\/li>\n<\/ul>\n<p>Meist reicht die Wiederholung der Wurzelkanalbehandlung aus. In manchen F\u00e4llen kann jedoch eine Wurzelspitzenresektion indiziert sein. Dabei wird die gesch\u00e4digte Zahnwurzel durch einen \u00e4u\u00dferen, operativen Eingriff entfernt.<\/p>\n<p>Die Behandlung ist bei uns jedoch ein Routineeingriff, der meist erfolgreich mit der Erhaltung des Zahnes und der Heilung des Wurzelkanals abgeschlossen wird.<\/p>\n<p>Die Behandlung des Zahnwurzelkanales ist eine h\u00e4ufig und erfolgreich eingesetze Methode, um stark gesch\u00e4digte Z\u00e4hne zu erhalten. Damit wird das Ziehen eines Zahnes vermieden.<\/p>\n","protected":false},"excerpt":{"rendered":"<p>Wurzelbehandlung, Wurzelkanalbehandlung in Bergedorf Mit einer Wurzelkanabehandlung kann der Zahn erhalten werden. Die Wurzel ist der Bereich des Zahnes, der ihn mit dem Ober- bzw. Unterkiefer verankert. Im Inneren befindet sich der Wurzelkanal. Darin treten Blutgef\u00e4\u00dfe und Nerven ein, die die Zahnsubstanz mit N\u00e4hrstoffen versorgen und schmerzempfindlich machen. Ursachen einer &hellip;<\/p>\n","protected":false},"author":1,"featured_media":114,"parent":0,"menu_order":0,"comment_status":"closed","ping_status":"closed","template":"","meta":{"footnotes":""},"class_list":["post-72","page","type-page","status-publish","has-post-thumbnail","hentry"],"_links":{"self":[{"href":"https:\/\/zahnarztbergedorf.de\/index.php\/wp-json\/wp\/v2\/pages\/72"}],"collection":[{"href":"https:\/\/zahnarztbergedorf.de\/index.php\/wp-json\/wp\/v2\/pages"}],"about":[{"href":"https:\/\/zahnarztbergedorf.de\/index.php\/wp-json\/wp\/v2\/types\/page"}],"author":[{"embeddable":true,"href":"https:\/\/zahnarztbergedorf.de\/index.php\/wp-json\/wp\/v2\/users\/1"}],"replies":[{"embeddable":true,"href":"https:\/\/zahnarztbergedorf.de\/index.php\/wp-json\/wp\/v2\/comments?post=72"}],"version-history":[{"count":2,"href":"https:\/\/zahnarztbergedorf.de\/index.php\/wp-json\/wp\/v2\/pages\/72\/revisions"}],"predecessor-version":[{"id":84,"href":"https:\/\/zahnarztbergedorf.de\/index.php\/wp-json\/wp\/v2\/pages\/72\/revisions\/84"}],"wp:featuredmedia":[{"embeddable":true,"href":"https:\/\/zahnarztbergedorf.de\/index.php\/wp-json\/wp\/v2\/media\/114"}],"wp:attachment":[{"href":"https:\/\/zahnarztbergedorf.de\/index.php\/wp-json\/wp\/v2\/media?parent=72"}],"curies":[{"name":"wp","href":"https:\/\/api.w.org\/{rel}","templated":true}]}}