{"id":68,"date":"2017-12-10T13:40:59","date_gmt":"2017-12-10T13:40:59","guid":{"rendered":"http:\/\/zahnarztbergedorf.de\/?page_id=68"},"modified":"2017-12-12T18:39:37","modified_gmt":"2017-12-12T18:39:37","slug":"vollkeramische-versorgung","status":"publish","type":"page","link":"https:\/\/zahnarztbergedorf.de\/index.php\/vollkeramische-versorgung\/","title":{"rendered":"Vollkeramische Versorgung"},"content":{"rendered":"<div id=\"contentTemplateUberschriftT3\">\n<p><strong>Vollkeramische Versorgung Bergedorf<\/strong><br \/>\nVollkeramikkronen sind vom Laien und oft auch von Zahn\u00e4rzten nicht vom nat\u00fcrlichen Zahn zu unterscheiden. Verantwortlich daf\u00fcr ist haupts\u00e4chlich das Fehlen eines Metallger\u00fcstes.<\/p>\n<p>Eine Vollkeramikkrone wirkt im direkten Vergleich zu einer Verblendkrone viel lebendiger. Der Zahntechniker muss kein Metall mit Opaker (Weisser Abdecklack) abdecken und die Zahnfarbe komplett neu aufbauen, sondern kann mit der Farbe des darunter liegenden beschliffenen Zahnstumpfes spielen.<\/p>\n<p>Ein grosser Nachteil war bis vor wenigen Jahren die reduzierte Frakturresistenz (erh\u00f6hte Bruchanf\u00e4lligkeit) einer Vollkeramikkrone. Deswegen kamen Vollkeramikkronen bis vor kurzem nur im Frontzahnbereich zur Anwendung und zwar immer dann, wenn ein H\u00f6chstmass an \u00c4sthetik gefordert war.<\/p>\n<p>Keramik ist grunds\u00e4tzlich ein spr\u00f6des Material das zwar eine hohe Druckresistenz aufweist, bei Dehnung aber recht schnell bricht. In den letzten Jahren wurden aber massive Fortschritte auf diesem Gebiet erzielt. Diesem Fortschritt ist es zu verdanken, dass wir in unserer Praxis Vollkeramikkronen auch f\u00fcr Versorgungen im Seitenzahnbereich anbieten k\u00f6nnen.<\/p>\n<p>Es ist empfehlenswert bei der Restauration von Z\u00e4hnen Vollkeramik zu verwenden, sie ist zahnsubstanzschonend mit sehr guter Vertr\u00e4glichkeit.<br \/>\nDie Vollkeramische Restaurationen wird adh\u00e4siv mit einem Zahn verklebt. Daher entsteht eine reale Verbindung zwischen Keramik und Zahn. Auf Grund seiner Zusammensetzung gleicht Keramik dem nat\u00fcrlichen Zahnschmelz &#8211; dem h\u00e4rtesten Material des menschlichen K\u00f6rpers<\/p>\n<p><strong>Vorteile<\/strong><\/p>\n<ul>\n<li><strong>\u00c4sthetik<\/strong><br \/>\nist vom nat\u00fcrlichen Zahn nicht zu unterscheiden<\/li>\n<li>Metallfrei<\/li>\n<li>Biokompatibel<\/li>\n<li>Hervorragende Gewebevertr\u00e4glichkeit.<\/li>\n<li>Allergische Reaktionen sind nicht bekannt.<\/li>\n<\/ul>\n<\/div>\n","protected":false},"excerpt":{"rendered":"<p>Vollkeramische Versorgung Bergedorf Vollkeramikkronen sind vom Laien und oft auch von Zahn\u00e4rzten nicht vom nat\u00fcrlichen Zahn zu unterscheiden. Verantwortlich daf\u00fcr ist haupts\u00e4chlich das Fehlen eines Metallger\u00fcstes. Eine Vollkeramikkrone wirkt im direkten Vergleich zu einer Verblendkrone viel lebendiger. Der Zahntechniker muss kein Metall mit Opaker (Weisser Abdecklack) abdecken und die Zahnfarbe &hellip;<\/p>\n","protected":false},"author":1,"featured_media":206,"parent":0,"menu_order":0,"comment_status":"closed","ping_status":"closed","template":"","meta":{"footnotes":""},"class_list":["post-68","page","type-page","status-publish","has-post-thumbnail","hentry"],"_links":{"self":[{"href":"https:\/\/zahnarztbergedorf.de\/index.php\/wp-json\/wp\/v2\/pages\/68"}],"collection":[{"href":"https:\/\/zahnarztbergedorf.de\/index.php\/wp-json\/wp\/v2\/pages"}],"about":[{"href":"https:\/\/zahnarztbergedorf.de\/index.php\/wp-json\/wp\/v2\/types\/page"}],"author":[{"embeddable":true,"href":"https:\/\/zahnarztbergedorf.de\/index.php\/wp-json\/wp\/v2\/users\/1"}],"replies":[{"embeddable":true,"href":"https:\/\/zahnarztbergedorf.de\/index.php\/wp-json\/wp\/v2\/comments?post=68"}],"version-history":[{"count":3,"href":"https:\/\/zahnarztbergedorf.de\/index.php\/wp-json\/wp\/v2\/pages\/68\/revisions"}],"predecessor-version":[{"id":83,"href":"https:\/\/zahnarztbergedorf.de\/index.php\/wp-json\/wp\/v2\/pages\/68\/revisions\/83"}],"wp:featuredmedia":[{"embeddable":true,"href":"https:\/\/zahnarztbergedorf.de\/index.php\/wp-json\/wp\/v2\/media\/206"}],"wp:attachment":[{"href":"https:\/\/zahnarztbergedorf.de\/index.php\/wp-json\/wp\/v2\/media?parent=68"}],"curies":[{"name":"wp","href":"https:\/\/api.w.org\/{rel}","templated":true}]}}