{"id":50,"date":"2017-12-10T13:13:15","date_gmt":"2017-12-10T13:13:15","guid":{"rendered":"http:\/\/zahnarztbergedorf.de\/?page_id=50"},"modified":"2017-12-11T18:40:18","modified_gmt":"2017-12-11T18:40:18","slug":"labor","status":"publish","type":"page","link":"https:\/\/zahnarztbergedorf.de\/index.php\/labor\/","title":{"rendered":"Labor"},"content":{"rendered":"<p><strong>Das zahntechnische Labor<\/strong><\/p>\n<p>Die unmittelbare Anbindung des zahntechnischen Labors an die R\u00e4umlichkeiten unserer Zahnarztpraxis gew\u00e4hrleistet die direkte Kommunikation ohne Informations- und Zeitverlust zwischen Zahntechniker, Patient und Zahnarzt.<br \/>\nWann immer es wichtig und erforderlich ist &#8211; wie beispielsweise bei der Bestimmung der korrekten Zahnfarbe oder bei Anproben &#8211; kann der Zahntechniker anwesend sein und sich so die n\u00f6tigen Informationen f\u00fcr seine Arbeit verschaffen.<\/p>\n<p>Des weiteren bietet unsere Praxis eine umfassende Palette an CADCAM-gest\u00fctzter Zahnprothetik an.<\/p>\n<p><strong>Was ist CADCAM?<\/strong><\/p>\n<p>Nach der Abdrucknahme wird Ihr individueller Zahnersatz in unserem Praxislabor an einem Computer gestaltet. Die Daten werden dann an ein Fr\u00e4szentrum \u00fcbermittelt, um das gew\u00fcnschte Kronen- oder Br\u00fcckenger\u00fcst industriell herstellen zu lassen. Jedes auf diese Weise gefertigte Teil ist einzigartig.<br \/>\nMaterialien, die mit der CADCAM Technologie verarbeitet werden, wurden auf ihre biologische Vertr\u00e4glichkeit hin getestet und bewertet. Zirkoniumdioxid und Titan werden seit Jahren im Bereich der Humanmedizin eingesetzt und zeigen bei richtiger Anwendung keine negativen Auswirkungen auf die Patienten.<br \/>\nIm Vergleich zu herk\u00f6mmlichen metallkeramischen Versorgungen bieten diese modernen L\u00f6sungen eine h\u00f6here \u00e4sthetische Sicherheit. So zieht sich oftmals alterungsbedingt das Zahnfleisch mit den Jahren um wenige Millimeter zur\u00fcck. Dieser nat\u00fcrliche Prozess hat in der Regel keine Auswirkung auf die Funktion des Zahnes. Jedoch kann er dazu f\u00fchren, dass die R\u00e4nder einer kombinierten Restauration aus Metall und Keramik grau schimmernd sichtbar werden. Dieses Risiko l\u00e4sst sich durch den Einsatz von vollkeramischem Zahnersatz mindern oder gar g\u00e4nzlich vermeiden.<\/p>\n","protected":false},"excerpt":{"rendered":"<p>Das zahntechnische Labor Die unmittelbare Anbindung des zahntechnischen Labors an die R\u00e4umlichkeiten unserer Zahnarztpraxis gew\u00e4hrleistet die direkte Kommunikation ohne Informations- und Zeitverlust zwischen Zahntechniker, Patient und Zahnarzt. Wann immer es wichtig und erforderlich ist &#8211; wie beispielsweise bei der Bestimmung der korrekten Zahnfarbe oder bei Anproben &#8211; kann der Zahntechniker &hellip;<\/p>\n","protected":false},"author":1,"featured_media":22,"parent":0,"menu_order":0,"comment_status":"closed","ping_status":"closed","template":"","meta":{"footnotes":""},"class_list":["post-50","page","type-page","status-publish","has-post-thumbnail","hentry"],"_links":{"self":[{"href":"https:\/\/zahnarztbergedorf.de\/index.php\/wp-json\/wp\/v2\/pages\/50"}],"collection":[{"href":"https:\/\/zahnarztbergedorf.de\/index.php\/wp-json\/wp\/v2\/pages"}],"about":[{"href":"https:\/\/zahnarztbergedorf.de\/index.php\/wp-json\/wp\/v2\/types\/page"}],"author":[{"embeddable":true,"href":"https:\/\/zahnarztbergedorf.de\/index.php\/wp-json\/wp\/v2\/users\/1"}],"replies":[{"embeddable":true,"href":"https:\/\/zahnarztbergedorf.de\/index.php\/wp-json\/wp\/v2\/comments?post=50"}],"version-history":[{"count":1,"href":"https:\/\/zahnarztbergedorf.de\/index.php\/wp-json\/wp\/v2\/pages\/50\/revisions"}],"predecessor-version":[{"id":51,"href":"https:\/\/zahnarztbergedorf.de\/index.php\/wp-json\/wp\/v2\/pages\/50\/revisions\/51"}],"wp:featuredmedia":[{"embeddable":true,"href":"https:\/\/zahnarztbergedorf.de\/index.php\/wp-json\/wp\/v2\/media\/22"}],"wp:attachment":[{"href":"https:\/\/zahnarztbergedorf.de\/index.php\/wp-json\/wp\/v2\/media?parent=50"}],"curies":[{"name":"wp","href":"https:\/\/api.w.org\/{rel}","templated":true}]}}