{"id":263,"date":"2018-05-23T18:21:58","date_gmt":"2018-05-23T18:21:58","guid":{"rendered":"http:\/\/zahnarztbergedorf.de\/?page_id=263"},"modified":"2019-10-30T14:41:41","modified_gmt":"2019-10-30T14:41:41","slug":"263-2","status":"publish","type":"page","link":"https:\/\/zahnarztbergedorf.de\/index.php\/263-2\/","title":{"rendered":"Datenschutz"},"content":{"rendered":"<p><strong>Datenschutz Erkl\u00e4rung<\/strong><\/p>\n<p>Die Zahnarztpraxis in Hamburg Bergedorf nimmt den Schutz personenbezogener Daten sehr ernst. Der Schutz Ihrer Privatsph\u00e4re bei der Nutzung unserer Webseiten ist uns wichtig. Deshalb halten wir uns strikt an die Regeln der Datenschutzgesetze der Bundesrepublik Deutschland (BDSG-neu), des Telemediengesetzes (TMG) und europ\u00e4ischen Datenschutz-Grundverordnung (EU-DSGVO).<\/p>\n<p>Auf diesen Webseiten wollen wir Webseitenbesucher \u00fcber unser Unternehmen und unsere Dienstleistungen informieren und die M\u00f6glichkeit anbieten direkt Kontakt mit uns aufzunehmen.<\/p>\n<p><strong>Verantwortliche Stelle<\/strong><\/p>\n<p>Zahnarztpraxis in Hamburg Bergedorf<br \/>\nDr. B. Schultze \u2013 Zahnarzt<br \/>\nDr. N. Pfeffer \u2013 Zahnarzt<br \/>\nDr. H. Pfeffer \u2013 Zahnarzt<br \/>\nDr. M. Kotthaus \u2013 Zahnarzt<br \/>\nO. Drechsel \u2013 Zahnarzt<\/p>\n<p>Weidenbaumsweg 6<\/p>\n<p>21029 Hamburg \u2013 Bergedorf<\/p>\n<p>DEUTSCHLAND<\/p>\n<p>Tel.: 040 724 28 09<\/p>\n<p>E-Mail: info@zahnarztbergedorf.de<\/p>\n<p>Website: www.zahnarztbergedorf.de<\/p>\n<p><strong>Datenverarbeitung zur Erbringung der vertraglichen Leistungen<\/strong><\/p>\n<p>Sie k\u00f6nnen \u00fcber unsere Webseite und unsere dort hinterlegten Kontaktdaten Anfragen zu Beauftragungen vertraglicher Leistungen an uns richten.<\/p>\n<p>Soweit hierf\u00fcr oder auf andre Weise bei Anfragen zu Beauftragungen personenbezogene Daten von Ihnen an uns \u00fcbermittelt werden, verarbeiten wir Ihre Daten f\u00fcr die Beantwortung Ihrer Anfragen, zur Durchf\u00fchrung des Auftrags\/Vertrags sowie zur Rechnungsstellung.<br \/>\nWir ben\u00f6tigen hierf\u00fcr Ihren Namen, Ihre Adressdaten sowie Ihre E-Mail-Adresse . Ohne diese Daten k\u00f6nnen wir den Vertrag mit Ihnen nicht durchf\u00fchren. Je nach Auftrag\/Vertrag ben\u00f6tigen wir gegebenenfalls zus\u00e4tzlich weitere Daten, dar\u00fcber werden wir Sie einzelfallbezogen aufkl\u00e4ren.<\/p>\n<p>Bei Lieferanten\/Dienstleistern verarbeiten wir die von Ihnen zur Verf\u00fcgung gestellten personenbezogenen Daten zur unserseitigen Bestellung und Abrufung von Leistungen sowie um Ihre Leistungen zu bezahlen.<br \/>\nWir ben\u00f6tigen hierf\u00fcr den Namen, die Adressdaten sowie die Kontodaten. Je nach Leistung\/Vertrag ben\u00f6tigen wir gegebenenfalls zus\u00e4tzlich weitere Daten, wor\u00fcber wir sodann einzelfallbezogen aufkl\u00e4ren.<\/p>\n<p>Grundlage f\u00fcr die Datenverarbeitung ist Art. 6 Abs. 1 lit. b DSGVO, der die Verarbeitung von Daten zur Erf\u00fcllung eines Vertrags oder vorvertraglicher Ma\u00dfnahmen gestattet.<\/p>\n<p><strong>Datenverarbeitung zur Kommunikation mit Ihnen<\/strong><\/p>\n<p>Neben den Vertragsdaten verarbeiten wir Ihre Kommunikationsdaten (Adresse, Telefonnummer, E-Mail-Adresse), um mit Ihnen in Kontakt treten und kommunizieren zu k\u00f6nnen.<br \/>\nPersonenbezogene Daten, die Sie uns per E-Mail oder telefonisch mitteilen, werden nur zur Korrespondenz mit Ihnen bzw. nur f\u00fcr den Zweck verarbeitet, zu dem Sie uns die Daten zur Verf\u00fcgung gestellt haben.<\/p>\n<p>Grunds\u00e4tzlich werden die Daten nicht an Dritte \u00fcbermittelt. Es sei denn, dies ist gesetzlich vorgeschrieben oder zul\u00e4ssig, Sie haben uns Ihr Einverst\u00e4ndnis erteilt oder eine beh\u00f6rdliche Anordnung liegt hierzu vor.<\/p>\n<p>Sollten Sie mit uns per E-Mail in Kontakt treten werden die E-Mails und die damit zusammenh\u00e4ngenden Daten bei uns im Mailsystem gespeichert.<\/p>\n<p>Die E-Mails selbst werden nicht verschl\u00fcsselt.<\/p>\n<p>Grundlage f\u00fcr die Datenverarbeitung ist Art. 6 Abs. 1 lit. b DSGVO, der die Verarbeitung von Daten zur Erf\u00fcllung eines Vertrags oder vorvertraglicher Ma\u00dfnahmen gestattet.<\/p>\n<p><strong>Kategorien von Empf\u00e4ngen der personenbezogenen Daten<\/strong><\/p>\n<p>Ihre Vertrags- und Kommunikationsdaten werden zur Beantwortung Ihrer Anfragen, zur Kommunikation oder zur Durchf\u00fchrung des Auftrags an die zust\u00e4ndige Stelle und die zust\u00e4ndigen Mitarbeiter innerhalb unseres Unternehmens weitergeleitet.<\/p>\n<p>Grundlage hierf\u00fcr ist erneut Art. 6 Abs. 1 lit. b DSGVO, der die Verarbeitung von Daten zur Erf\u00fcllung eines Vertrags oder vorvertraglicher Ma\u00dfnahmen gestattet.<\/p>\n<p>Ihre personenbezogenen Daten werden an Dritte au\u00dferhalb unseres Unternehmens nur weitergegeben oder sonst \u00fcbermittelt, wenn dies zum Zweck der Vertragsabwicklung oder Abrechnung erforderlich ist oder Sie zuvor eingewilligt haben oder eine gesetzliche Grundlage f\u00fcr die Weitergabe besteht.<br \/>\nSoweit wir zur Durchf\u00fchrung und Abwicklung von Verarbeitungsprozessen Dienstleistungen Dritter in Anspruch nehmen, werden die Bestimmungen der Datenschutzgrundverordnung eingehalten.<br \/>\nDienstleister die uns bei der Erbringung unserer Leistung Ihnen gegen\u00fcber unterst\u00fctzen sind Hosting-Provider, E-Mail-Dienstprovider.,<\/p>\n<p><strong>Dauer der Datenspeicherung<\/strong><\/p>\n<p>Grunds\u00e4tzlich l\u00f6schen wir Ihre Daten, sobald sie f\u00fcr die oben genannten Zwecke nicht mehr erforderlich sind, es sei denn, die vor\u00fcbergehende Aufbewahrung ist weiterhin notwendig. So speichern wir Ihre Daten aufgrund gesetzlicher Nachweis- und Aufbewahrungspflichten, die sich unter anderem aus dem Handelsgesetzbuch und der Abgabenordnung ergeben. Die Speicherfristen betragen danach bis zu zehn volle Jahre<br \/>\nZudem bewahren wir Ihre Daten f\u00fcr die Zeit auf, in der Anspr\u00fcche gegen unser Unternehmen geltend gemacht werden k\u00f6nnen (gesetzliche Verj\u00e4hrungsfrist).<\/p>\n<p><strong>Datensicherheit<\/strong><\/p>\n<p>Diese Webseite nutzt aus Sicherheitsgr\u00fcnden und zum Schutz der \u00dcbertragung vertraulicher Inhalte, wie zum Anfragen, die Sie an uns als Seitenbetreiber senden, eine SSL Verschl\u00fcsselung.<br \/>\nEine verschl\u00fcsselte Verbindung erkennen Sie daran, dass die Adresszeile des Browsers von \u201chttp:\/\/\u201d auf \u201chttps:\/\/\u201d wechselt und an dem Schloss-Symbol in Ihrer Browserzeile. Wenn die SSL- Verschl\u00fcsselung aktiviert ist, k\u00f6nnen die Daten, die Sie an uns \u00fcbermitteln, nicht von Dritten mitgelesen werden<br \/>\nUnsere Sicherheitsma\u00dfnahmen werden entsprechend der technischen Entwicklung fortlaufend verbessert<\/p>\n<p>Verarbeitung personenbezogener Daten auf unserer Website (Log Dateien)<br \/>\nPersonenbezogene Daten werden nur in dem Ma\u00dfe, soweit dies zur Erbringung unseres Webangebotes erforderlich ist auf dem Webserver bei unserem Provider verarbeitet.<\/p>\n<p>Bei der \u00dcbertragung von Webseiten \u00fcber das Internet muss die IP-Adresse des Besucher-PC dem Anbieter-PC bekannt sein. Ihr Internet-Browser \u00fcbermittelt daher aus technischen<br \/>\nGr\u00fcnden beim Zugriff auf unsere Webseite automatisch folgende Informationen Daten an unseren Webserver:<\/p>\n<ul>\n<li>IP-Adresse des Endger\u00e4ts des Besuchers<\/li>\n<li>Datum und Uhrzeit des Zugriffs durch den Besucher<\/li>\n<li>Name und URL der vom Besucher aufgerufenen Seite<\/li>\n<li>Webseite, von der aus der Besucher auf die Webseite gelangt (sog. Referrer-URL)<\/li>\n<li>Browser und Betriebssystem des Endger\u00e4ts des Besuchers<\/li>\n<li>Name des vom Besucher verwendeten Access-Providers.<\/li>\n<\/ul>\n<p>Eine Zuordnung dieser Daten zu einer bestimmten Person ist uns nicht m\u00f6glich.<\/p>\n<p>Diese Verarbeitung der erhobenen Daten ist gerechtfertigt auf Grund des. Art. 6 Abs. 1 Satz 1 Buchst. f) DSGVO.<\/p>\n<p>Die gespeicherten Daten k\u00f6nnen lediglich zu statistischen Zwecken und zur kontinuierlichen Verbesserung unseres Internetangebotes genutzt werden. Wir kennen die Identit\u00e4t des jeweiligen Besuchers nicht und wir versuchen auch nicht, diese in Erfahrung zu bringen. Wir bilden keine Nutzerprofile und werten das Nutzerverhalten unserer Besucher nicht aus.\u00a0 Eine Weitergabe an Dritte oder die Zusammenf\u00fchrung dieser Daten mit anderen Datenquellen wird nicht vorgenommen. Wir behalten uns aber vor, diese Daten nachtr\u00e4glich zu pr\u00fcfen, wenn uns konkrete Anhaltspunkte f\u00fcr eine rechtswidrige Nutzung bekannt werden.<\/p>\n<p><strong>Cookies<\/strong><\/p>\n<p>Die Verarbeitung personenbezogener Daten durch die vorstehenden Cookies dient dazu, das Angebot unserer Webseite insgesamt f\u00fcr Sie nutzerfreundlicher und effektiver zu machen. Einige Funktionnen unserer Website k\u00f6nnen ohne den Einsatz dieser Cookies nicht angeboten werden. Insbesondere erfordern einige Funktionen unserer Webseite es , dass Ihr Webbrowser auch nach einem Seitenwechsel identifiziert werden kann. Diejenigen Daten, die durch Cookies verarbeitet werden, die f\u00fcr die Bereitstellung der Funktionen unserer Webseite erforderlich sind, werden nicht zur Erstellung von Nutzerprofilen verwendet. Soweit Cookies zu Analysezwecken eingesetzt werden, dienen diese dazu, die Qualit\u00e4t und Nutzerfreundlichkeit unserer Website, ihrer Inhalte und Funktionen zu verbessern. Sie erm\u00f6glichen uns, es nachzuvollziehen, wie die Website, welche Funktionen und wie oft diese genutzt werden. Dieses erm\u00f6glicht uns, unser Angebot fortlaufend zu optimieren.<\/p>\n<p>In den vosrtehenden Zwecken liegt unser berechtigtes Interessse an der Datenverarbeitung.<\/p>\n<p>Die vorstehenden Cookies werden auf Ihrem Endger\u00e4t gespeichert und von diesem an unseren Server \u00fcbermittelt. Sie k\u00f6nnen daher die Verarbeitung der Daten und Informationen durch Cookies selbst konfigurieren. Sie k\u00f6nnen in den Einstellungen Ihres Webbrowsers entsprechende Konfigurationen vornehmen, durch die Sie beispielsweise Third-Party Cookies oder Cookies insgesamt ablehnen k\u00f6nnen. In diesem Zusammenhang m\u00f6chten wir darauf hinweisen, dass Sie eventuell dann nicht alle Funktionen unserer Webseite ordnungsgem\u00e4ss nutzen k\u00f6nnen. Dar\u00fcberhinaus empfehlen wir eine regelkm\u00e4ssige manuellle L\u00f6schung von Cookies und Ihrers Browser-Verlaufs.<\/p>\n<p><strong>Kontaktformular<\/strong><\/p>\n<p>Die von Ihnen ggf. in unser Kontaktformular eingegebenen Daten werden ausschlie\u00dflich zur Kontaktaufnahme mit Ihnen und zur Bearbeitung Ihrer Anfrage verwendet.<\/p>\n<p>Dies geschieht auf Basis ihrer Einwilligung gem. Art.\u00a06 Abs.\u00a01 Satz\u00a01 Buchst.\u00a0a) DSGVO.<\/p>\n<p>Die f\u00fcr die Benutzung des Kontaktformulars erhobenen personenbezogenen Daten werden automatisch gel\u00f6scht, sobald die Anfrage erledigt ist und keine Gr\u00fcnde f\u00fcr eine weitere Aufbewahrung gegeben sind.<\/p>\n<p><strong>Betroffenenrechte<\/strong><\/p>\n<p>Sie k\u00f6nnen unter unseren oben angegebenen Kontaktdaten Auskunft \u00fcber die zu Ihrer Person gespeicherten Daten sowie unter bestimmten Voraussetzungen die Berichtigung oder die L\u00f6schung Ihrer Daten verlangen.<br \/>\nIhnen kann weiterhin ein Recht auf Einschr\u00e4nkung der Verarbeitung Ihrer Daten sowie ein Recht auf Herausgabe der von Ihnen bereitgestellten Daten in einem strukturierten, g\u00e4ngigen und maschinenlesbaren Format zustehen.<br \/>\nWenn Sie uns eine Einwilligung zur Verarbeitung personenbezogener Daten f\u00fcr bestimmte Zwecke erteilt haben, k\u00f6nnen Sie Ihre Einwilligung jederzeit mit Wirkung f\u00fcr die Zukunft widerrufen.<br \/>\nVerarbeiten wir Ihre Daten zur Wahrung berechtigter Interessen, k\u00f6nnen Sie dieser Verarbeitung aus Gr\u00fcnden, die sich aus Ihrer besonderen Situation ergeben, widersprechen.<br \/>\nDaneben haben Sie die M\u00f6glichkeit, sich an eine Datenschutzaufsichtsbeh\u00f6rde zu wenden. Die f\u00fcr uns zust\u00e4ndige Beh\u00f6rde ist:<br \/>\nDer Hamburgische Beauftragte f\u00fcr Datenschutz und Informationsfreiheit<br \/>\nKurts-Schuhmacher-Allee 4, 20097 Hamburg<br \/>\nTel.: 040 \/ 428 54 &#8211; 4040<br \/>\nFax: 040 \/ 428 54 \u2013 4000<\/p>\n<p><strong>Stand und Aktualisierung dieser Datenschutzerkl\u00e4rung<\/strong><\/p>\n<p>Wir behalten uns vor, den Inhalt dieser Datenschutzerkl\u00e4rung jederzeit anzupassen.<br \/>\nDies erfolgt in der Regel bei Weiterentwicklung oder Anpassung der eingesetzten Dienst.<br \/>\nDie aktuelle Datenschutzerkl\u00e4rung k\u00f6nnen Sie auf unserer Webseite einsehen. Stand dieser Erkl\u00e4rung 18.05.2018.<\/p>\n<p>&nbsp;<\/p>\n<p>&nbsp;<\/p>\n","protected":false},"excerpt":{"rendered":"<p>Datenschutz Erkl\u00e4rung Die Zahnarztpraxis in Hamburg Bergedorf nimmt den Schutz personenbezogener Daten sehr ernst. Der Schutz Ihrer Privatsph\u00e4re bei der Nutzung unserer Webseiten ist uns wichtig. Deshalb halten wir uns strikt an die Regeln der Datenschutzgesetze der Bundesrepublik Deutschland (BDSG-neu), des Telemediengesetzes (TMG) und europ\u00e4ischen Datenschutz-Grundverordnung (EU-DSGVO). Auf diesen Webseiten &hellip;<\/p>\n","protected":false},"author":1,"featured_media":0,"parent":0,"menu_order":0,"comment_status":"closed","ping_status":"closed","template":"","meta":{"footnotes":""},"class_list":["post-263","page","type-page","status-publish","hentry"],"_links":{"self":[{"href":"https:\/\/zahnarztbergedorf.de\/index.php\/wp-json\/wp\/v2\/pages\/263"}],"collection":[{"href":"https:\/\/zahnarztbergedorf.de\/index.php\/wp-json\/wp\/v2\/pages"}],"about":[{"href":"https:\/\/zahnarztbergedorf.de\/index.php\/wp-json\/wp\/v2\/types\/page"}],"author":[{"embeddable":true,"href":"https:\/\/zahnarztbergedorf.de\/index.php\/wp-json\/wp\/v2\/users\/1"}],"replies":[{"embeddable":true,"href":"https:\/\/zahnarztbergedorf.de\/index.php\/wp-json\/wp\/v2\/comments?post=263"}],"version-history":[{"count":8,"href":"https:\/\/zahnarztbergedorf.de\/index.php\/wp-json\/wp\/v2\/pages\/263\/revisions"}],"predecessor-version":[{"id":284,"href":"https:\/\/zahnarztbergedorf.de\/index.php\/wp-json\/wp\/v2\/pages\/263\/revisions\/284"}],"wp:attachment":[{"href":"https:\/\/zahnarztbergedorf.de\/index.php\/wp-json\/wp\/v2\/media?parent=263"}],"curies":[{"name":"wp","href":"https:\/\/api.w.org\/{rel}","templated":true}]}}