{"id":2,"date":"2017-12-10T11:10:35","date_gmt":"2017-12-10T11:10:35","guid":{"rendered":"http:\/\/zahnarztbergedorf.de\/?page_id=2"},"modified":"2023-07-04T14:50:26","modified_gmt":"2023-07-04T14:50:26","slug":"sample-page","status":"publish","type":"page","link":"https:\/\/zahnarztbergedorf.de\/","title":{"rendered":"Zahnarzt Bergedorf"},"content":{"rendered":"<p><strong>Ihre Zahn\u00e4rzte in Hamburg Bergedorf<\/strong><\/p>\n<p>Dr. B. Schultze<br \/>\nDr. N. Pfeffer<br \/>\nDr. H. Pfeffer<br \/>\nDr. M. Kotthaus<br \/>\nZahn\u00e4rztin Constanze Manthey<\/p>\n<p><strong>Wir decken alle Bereiche der modernen Zahnheilkunde ab.<\/strong><\/p>\n<p>Gleichzeitig sind wir spezialisierte Zahn\u00e4rzte mit besonderen T\u00e4tigkeitsschwerpunkten, um komplexe Behandlungen optimal durchf\u00fchren zu k\u00f6nnen.\u00a0Durch unsere langj\u00e4hrige Erfahrung und st\u00e4ndige Weiterbildung, sehen wir uns als Kompetenzzentrum in allen Bereichen der Zahnmedizin.<\/p>\n<ul>\n<li>Zahn\u00e4sthetik<\/li>\n<li>Implantologie<\/li>\n<li>Wurzelbehandlung<\/li>\n<li>Parodontologie\/Knochenregeneration<\/li>\n<li>Zahnersatz<\/li>\n<li>Prophylaxe<\/li>\n<\/ul>\n<p><strong>Unsere Sprechzeiten<\/strong><br \/>\nMontag \u2013 Donnerstag\u00a008.00 Uhr \u2013 18.30 Uhr\u00a0und nach Vereinbarung<br \/>\nFreitag\u00a008.00 Uhr \u2013 13.00 Uhr\u00a0und nach Vereinbarung.<\/p>\n<p><strong>Der direkte Draht:<\/strong><br \/>\nTel.: 040 724 28 09<\/p>\n<p><strong>Adresse:<\/strong><br \/>\nWeidenbaumsweg 6<br \/>\n21029 Hamburg \u2013 Bergedorf<\/p>\n<div id=\"wpgmza_map\" class=\"wpgmza_map\" data-settings='{\"id\":\"1\",\"map_title\":\"Zahn\\u00e4rzte Bergedorf\",\"map_width\":\"100\",\"map_height\":\"400\",\"map_start_lat\":\"53.489547\",\"map_start_lng\":\"10.207560\",\"map_start_location\":\"53.48954744037504,10.207559634000063\",\"map_start_zoom\":\"17\",\"default_marker\":\"0\",\"type\":\"1\",\"alignment\":\"2\",\"directions_enabled\":\"1\",\"styling_enabled\":\"0\",\"styling_json\":\"\",\"active\":\"0\",\"kml\":\"\",\"bicycle\":\"0\",\"traffic\":\"0\",\"dbox\":\"1\",\"dbox_width\":\"100\",\"listmarkers\":\"0\",\"listmarkers_advanced\":\"0\",\"filterbycat\":\"0\",\"ugm_enabled\":\"0\",\"ugm_category_enabled\":\"0\",\"fusion\":\"\",\"map_width_type\":\"\\\\%\",\"map_height_type\":\"px\",\"mass_marker_support\":\"1\",\"ugm_access\":\"0\",\"order_markers_by\":\"1\",\"order_markers_choice\":\"2\",\"show_user_location\":\"0\",\"default_to\":\"\",\"other_settings\":{\"store_locator_enabled\":2,\"store_locator_distance\":2,\"store_locator_default_radius\":\"10\",\"store_locator_not_found_message\":\"No results found in this location. Please try again.\",\"store_locator_bounce\":1,\"store_locator_query_string\":\"PLZ \\\/ Adresse:\",\"store_locator_default_address\":\"\",\"wpgmza_store_locator_restrict\":\"\",\"map_max_zoom\":\"1\",\"transport_layer\":0,\"wpgmza_theme_data\":\"[ \\\\\\\"visibility\\\\\\\", \\\\\\\"invert_lightness\\\\\\\", \\\\\\\"color\\\\\\\", \\\\\\\"weight\\\\\\\", \\\\\\\"hue\\\\\\\", \\\\\\\"saturation\\\\\\\", \\\\\\\"lightness\\\\\\\", \\\\\\\"gamma\\\\\\\"]\",\"wpgmza_theme_selection\":0,\"wpgmza_show_points_of_interest\":1,\"bicycle\":\"0\",\"traffic\":\"0\"}}' data-map-id='1' Data-maps-engine='' data-shortcode-attributes='{\"id\":\"1\"}' style=\"display:block; overflow:auto; width:100%; height:400px; float:left;\"><\/div>\n","protected":false},"excerpt":{"rendered":"<p>Ihre Zahn\u00e4rzte in Hamburg Bergedorf Dr. B. Schultze Dr. N. Pfeffer Dr. H. Pfeffer Dr. M. Kotthaus Zahn\u00e4rztin Constanze Manthey Wir decken alle Bereiche der modernen Zahnheilkunde ab. Gleichzeitig sind wir spezialisierte Zahn\u00e4rzte mit besonderen T\u00e4tigkeitsschwerpunkten, um komplexe Behandlungen optimal durchf\u00fchren zu k\u00f6nnen.\u00a0Durch unsere langj\u00e4hrige Erfahrung und st\u00e4ndige Weiterbildung, sehen &hellip;<\/p>\n","protected":false},"author":1,"featured_media":7,"parent":0,"menu_order":0,"comment_status":"closed","ping_status":"closed","template":"","meta":{"footnotes":""},"class_list":["post-2","page","type-page","status-publish","has-post-thumbnail","hentry"],"_links":{"self":[{"href":"https:\/\/zahnarztbergedorf.de\/index.php\/wp-json\/wp\/v2\/pages\/2"}],"collection":[{"href":"https:\/\/zahnarztbergedorf.de\/index.php\/wp-json\/wp\/v2\/pages"}],"about":[{"href":"https:\/\/zahnarztbergedorf.de\/index.php\/wp-json\/wp\/v2\/types\/page"}],"author":[{"embeddable":true,"href":"https:\/\/zahnarztbergedorf.de\/index.php\/wp-json\/wp\/v2\/users\/1"}],"replies":[{"embeddable":true,"href":"https:\/\/zahnarztbergedorf.de\/index.php\/wp-json\/wp\/v2\/comments?post=2"}],"version-history":[{"count":13,"href":"https:\/\/zahnarztbergedorf.de\/index.php\/wp-json\/wp\/v2\/pages\/2\/revisions"}],"predecessor-version":[{"id":314,"href":"https:\/\/zahnarztbergedorf.de\/index.php\/wp-json\/wp\/v2\/pages\/2\/revisions\/314"}],"wp:featuredmedia":[{"embeddable":true,"href":"https:\/\/zahnarztbergedorf.de\/index.php\/wp-json\/wp\/v2\/media\/7"}],"wp:attachment":[{"href":"https:\/\/zahnarztbergedorf.de\/index.php\/wp-json\/wp\/v2\/media?parent=2"}],"curies":[{"name":"wp","href":"https:\/\/api.w.org\/{rel}","templated":true}]}}